{"id":113,"date":"2024-10-07T10:22:01","date_gmt":"2024-10-07T10:22:01","guid":{"rendered":"https:\/\/water4all.ro\/watergreentreat\/?page_id=113"},"modified":"2024-10-10T08:32:35","modified_gmt":"2024-10-10T08:32:35","slug":"113-2","status":"publish","type":"page","link":"https:\/\/water4all.ro\/watergreentreat\/index.php\/hu\/113-2\/","title":{"rendered":"Konzorcium"},"content":{"rendered":"\n<p class=\"has-medium-font-size\"><strong>Project ID: WaterGreenTreat<\/strong><\/p>\n\n\n\n<p class=\"has-medium-font-size\"><strong>Project Type: <\/strong>International<\/p>\n\n\n\n<p class=\"has-medium-font-size\"><strong>Project Program:<em> <\/em><\/strong>COFUND-WATER4ALL<\/p>\n\n\n\n<ul class=\"wp-block-list has-vivid-green-cyan-color has-text-color has-link-color wp-elements-a9771067574f21fb9008656366d055db\">\n<li class=\"has-medium-font-size\"><strong>Project consortium leader<\/strong>: <strong>Dr. Irina Zgura<\/strong><\/li>\n<\/ul>\n\n\n\n<p class=\"has-text-align-right has-medium-font-size\">               <strong>Contractor &amp;<\/strong> <strong>Country<\/strong>: National Institute of Materials Physics,<\/p>\n\n\n\n<p class=\"has-text-align-right has-medium-font-size\">                                                               Romania <a href=\"https:\/\/water4all.ro\/watergreentreat\/index.php\/nimp\/\" data-type=\"page\" data-id=\"86\"><img loading=\"lazy\" decoding=\"async\" width=\"150\" height=\"72\" class=\"wp-image-103\" style=\"width: 150px;\" src=\"http:\/\/water4all.ro\/watergreentreat\/wp-content\/uploads\/2024\/10\/I1.jpg\" alt=\"\"><\/a><\/p>\n\n\n\n<p class=\"has-medium-font-size\"><strong>Consortium principal investigators members:<\/strong><\/p>\n\n\n\n<ul class=\"wp-block-list has-light-green-cyan-color has-text-color has-link-color wp-elements-f7cb23da96c5b9fb9b9fb5feb518e801\">\n<li class=\"has-medium-font-size\"><strong>Prof. Dr.<\/strong> <strong>Marcela-Elisabeta B\u0103rb\u00een\u0163\u0103-P\u0103tra\u015fcu<\/strong><\/li>\n<\/ul>\n\n\n\n<p class=\"has-text-align-right has-medium-font-size\"><strong>Contractor &amp;<\/strong> <strong>Country<\/strong>: University of Bucharest, Romania <img loading=\"lazy\" decoding=\"async\" width=\"200\" height=\"43\" class=\"wp-image-104\" style=\"width: 200px;\" src=\"http:\/\/water4all.ro\/watergreentreat\/wp-content\/uploads\/2024\/10\/I2.jpg\" alt=\"\" srcset=\"https:\/\/water4all.ro\/watergreentreat\/wp-content\/uploads\/2024\/10\/I2.jpg 412w, https:\/\/water4all.ro\/watergreentreat\/wp-content\/uploads\/2024\/10\/I2-300x65.jpg 300w\" sizes=\"auto, (max-width: 200px) 100vw, 200px\" \/><\/p>\n\n\n\n<ul style=\"color:#3ca367\" class=\"wp-block-list has-text-color has-link-color wp-elements-344b259146ab2f919d96e87dedee8215\">\n<li class=\"has-medium-font-size\"><strong>Dr. Judit H\u00e1hn<\/strong><\/li>\n<\/ul>\n\n\n\n<p class=\"has-text-align-right has-medium-font-size\">                                 <strong>Contractor &amp;<\/strong> <strong>Country<\/strong>: Institute of Aquaculture and Environmental Safety,<\/p>\n\n\n\n<p class=\"has-text-align-right has-medium-font-size\">                                                                    Hungary<img loading=\"lazy\" decoding=\"async\" width=\"150\" height=\"74\" class=\"wp-image-105\" style=\"width: 150px;\" src=\"http:\/\/water4all.ro\/watergreentreat\/wp-content\/uploads\/2024\/10\/I3.jpg\" alt=\"\"><\/p>\n\n\n\n<ul style=\"color:#207d5b\" class=\"wp-block-list has-text-color has-link-color wp-elements-ef80b0604c78110cea8825c9b6554b48\">\n<li class=\"has-medium-font-size\"><strong>Dr. Antonia Pajares<\/strong><\/li>\n<\/ul>\n\n\n\n<p class=\"has-text-align-right has-medium-font-size\">                            <strong>Contractor &amp;<\/strong> <strong>Country<\/strong>: University of Extremadura, Spain<img loading=\"lazy\" decoding=\"async\" width=\"150\" height=\"85\" class=\"wp-image-106\" style=\"width: 150px;\" src=\"http:\/\/water4all.ro\/watergreentreat\/wp-content\/uploads\/2024\/10\/I4.jpg\" alt=\"\"><\/p>\n\n\n\n<ul style=\"color:#046e0f\" class=\"wp-block-list has-text-color has-link-color wp-elements-8fb55089849553d7c6bb98f7f2bb06c3\">\n<li class=\"has-medium-font-size\"><strong>Dr. Pascale Gillon<\/strong><\/li>\n<\/ul>\n\n\n\n<p class=\"has-text-align-right has-medium-font-size\">  <strong>Contractor &amp;<\/strong> <strong>Country<\/strong>: Gepea, France   <img loading=\"lazy\" decoding=\"async\" width=\"150\" height=\"89\" class=\"wp-image-107\" style=\"width: 150px;\" src=\"http:\/\/water4all.ro\/watergreentreat\/wp-content\/uploads\/2024\/10\/I5.jpg\" alt=\"\"><\/p>\n\n\n\n<p class=\"has-medium-font-size\"><strong>Start Date<\/strong>: 1 April, 2024<\/p>\n\n\n\n<p class=\"has-medium-font-size\"><strong>End Date<\/strong>: 31 March, 2027<\/p>\n","protected":false},"excerpt":{"rendered":"<p>Project ID: WaterGreenTreat Project Type: International Project Program: COFUND-WATER4ALL Contractor &amp; Country: National Institute of Materials Physics, Romania Consortium principal investigators members: Contractor &amp; Country: University of Bucharest, Romania Contractor &amp; Country: Institute of Aquaculture and Environmental Safety, Hungary Contractor &amp; Country: University of Extremadura, Spain Contractor &amp; Country: Gepea, France Start Date: 1 April, [&hellip;]<\/p>\n","protected":false},"author":1,"featured_media":0,"parent":0,"menu_order":0,"comment_status":"closed","ping_status":"closed","template":"","meta":{"footnotes":""},"class_list":["post-113","page","type-page","status-publish","hentry"],"_links":{"self":[{"href":"https:\/\/water4all.ro\/watergreentreat\/index.php\/wp-json\/wp\/v2\/pages\/113","targetHints":{"allow":["GET"]}}],"collection":[{"href":"https:\/\/water4all.ro\/watergreentreat\/index.php\/wp-json\/wp\/v2\/pages"}],"about":[{"href":"https:\/\/water4all.ro\/watergreentreat\/index.php\/wp-json\/wp\/v2\/types\/page"}],"author":[{"embeddable":true,"href":"https:\/\/water4all.ro\/watergreentreat\/index.php\/wp-json\/wp\/v2\/users\/1"}],"replies":[{"embeddable":true,"href":"https:\/\/water4all.ro\/watergreentreat\/index.php\/wp-json\/wp\/v2\/comments?post=113"}],"version-history":[{"count":3,"href":"https:\/\/water4all.ro\/watergreentreat\/index.php\/wp-json\/wp\/v2\/pages\/113\/revisions"}],"predecessor-version":[{"id":459,"href":"https:\/\/water4all.ro\/watergreentreat\/index.php\/wp-json\/wp\/v2\/pages\/113\/revisions\/459"}],"wp:attachment":[{"href":"https:\/\/water4all.ro\/watergreentreat\/index.php\/wp-json\/wp\/v2\/media?parent=113"}],"curies":[{"name":"wp","href":"https:\/\/api.w.org\/{rel}","templated":true}]}}