{"id":291,"date":"2024-10-08T11:37:43","date_gmt":"2024-10-08T11:37:43","guid":{"rendered":"https:\/\/water4all.ro\/watergreentreat\/?page_id=291"},"modified":"2025-01-15T12:02:02","modified_gmt":"2025-01-15T12:02:02","slug":"echipa-gepea","status":"publish","type":"page","link":"https:\/\/water4all.ro\/watergreentreat\/index.php\/ro\/echipa-gepea\/","title":{"rendered":"Echipa GEPEA"},"content":{"rendered":"\n<figure class=\"wp-block-table is-style-stripes\"><table><thead><tr><th class=\"has-text-align-center\" data-align=\"center\">Nume<\/th><th class=\"has-text-align-center\" data-align=\"center\">Prenume<\/th><th class=\"has-text-align-center\" data-align=\"center\">Pozi\u021bie \u00een proiect<\/th><\/tr><\/thead><tbody><tr><td class=\"has-text-align-center\" data-align=\"center\"><strong>Gillon<\/strong><\/td><td class=\"has-text-align-center\" data-align=\"center\"><strong>Pascale<\/strong><\/td><td class=\"has-text-align-center\" data-align=\"center\"><strong>Responsabil Proiect -Partener P4<\/strong><br><em><strong>Research director at GEPEA: <\/strong><\/em><br><em><strong>bioprocessing applied to microalgae<\/strong><\/em><\/td><\/tr><tr><td class=\"has-text-align-center\" data-align=\"center\"><strong>H\u00e9quet<\/strong><\/td><td class=\"has-text-align-center\" data-align=\"center\"><strong>Val\u00e9rie<\/strong> <\/td><td class=\"has-text-align-center\" data-align=\"center\"><strong><em>Profesor<\/em><\/strong><\/td><\/tr><tr><td class=\"has-text-align-center\" data-align=\"center\"><strong>Durand-Thouand<\/strong><\/td><td class=\"has-text-align-center\" data-align=\"center\"><strong>Marie-Jos\u00e9 <\/strong><\/td><td class=\"has-text-align-center\" data-align=\"center\"><strong><em>Profesor<\/em><\/strong><\/td><\/tr><tr><td class=\"has-text-align-center\" data-align=\"center\"> <strong>Cazier<\/strong><\/td><td class=\"has-text-align-center\" data-align=\"center\"><strong>Elisabeth <\/strong><\/td><td class=\"has-text-align-center\" data-align=\"center\"><strong><em>Conferen\u021biar<\/em><\/strong><\/td><\/tr><tr><td class=\"has-text-align-center\" data-align=\"center\"><strong>Titica<\/strong><\/td><td class=\"has-text-align-center\" data-align=\"center\"><strong>Mariana<\/strong><\/td><td class=\"has-text-align-center\" data-align=\"center\"><strong><em>Conferen\u021biar<\/em><\/strong><\/td><\/tr><tr><td class=\"has-text-align-center\" data-align=\"center\"><strong>Assaf<\/strong><\/td><td class=\"has-text-align-center\" data-align=\"center\"><strong>Ali<\/strong><\/td><td class=\"has-text-align-center\" data-align=\"center\"><strong><em>Conferen\u021biar<\/em><\/strong><\/td><\/tr><tr><td class=\"has-text-align-center\" data-align=\"center\"><strong> Littorie<\/strong><\/td><td class=\"has-text-align-center\" data-align=\"center\"><strong>Florian<\/strong> <\/td><td class=\"has-text-align-center\" data-align=\"center\"><strong><em>Doctorand<\/em><\/strong><\/td><\/tr><tr><td class=\"has-text-align-center\" data-align=\"center\"><strong><em>Technician<\/em><\/strong><\/td><td class=\"has-text-align-center\" data-align=\"center\"><\/td><td class=\"has-text-align-center\" data-align=\"center\"><\/td><\/tr><\/tbody><\/table><\/figure>\n\n\n\n<p><\/p>\n","protected":false},"excerpt":{"rendered":"<p>Nume Prenume Pozi\u021bie \u00een proiect Gillon Pascale Responsabil Proiect -Partener P4Research director at GEPEA: bioprocessing applied to microalgae H\u00e9quet Val\u00e9rie Profesor Durand-Thouand Marie-Jos\u00e9 Profesor Cazier Elisabeth Conferen\u021biar Titica Mariana Conferen\u021biar Assaf Ali Conferen\u021biar Littorie Florian Doctorand Technician<\/p>\n","protected":false},"author":1,"featured_media":0,"parent":0,"menu_order":0,"comment_status":"closed","ping_status":"closed","template":"","meta":{"footnotes":""},"class_list":["post-291","page","type-page","status-publish","hentry"],"_links":{"self":[{"href":"https:\/\/water4all.ro\/watergreentreat\/index.php\/wp-json\/wp\/v2\/pages\/291","targetHints":{"allow":["GET"]}}],"collection":[{"href":"https:\/\/water4all.ro\/watergreentreat\/index.php\/wp-json\/wp\/v2\/pages"}],"about":[{"href":"https:\/\/water4all.ro\/watergreentreat\/index.php\/wp-json\/wp\/v2\/types\/page"}],"author":[{"embeddable":true,"href":"https:\/\/water4all.ro\/watergreentreat\/index.php\/wp-json\/wp\/v2\/users\/1"}],"replies":[{"embeddable":true,"href":"https:\/\/water4all.ro\/watergreentreat\/index.php\/wp-json\/wp\/v2\/comments?post=291"}],"version-history":[{"count":3,"href":"https:\/\/water4all.ro\/watergreentreat\/index.php\/wp-json\/wp\/v2\/pages\/291\/revisions"}],"predecessor-version":[{"id":697,"href":"https:\/\/water4all.ro\/watergreentreat\/index.php\/wp-json\/wp\/v2\/pages\/291\/revisions\/697"}],"wp:attachment":[{"href":"https:\/\/water4all.ro\/watergreentreat\/index.php\/wp-json\/wp\/v2\/media?parent=291"}],"curies":[{"name":"wp","href":"https:\/\/api.w.org\/{rel}","templated":true}]}}