{"id":293,"date":"2024-10-08T11:41:36","date_gmt":"2024-10-08T11:41:36","guid":{"rendered":"https:\/\/water4all.ro\/watergreentreat\/?page_id=293"},"modified":"2025-01-15T12:11:25","modified_gmt":"2025-01-15T12:11:25","slug":"293-2","status":"publish","type":"page","link":"https:\/\/water4all.ro\/watergreentreat\/index.php\/fr\/293-2\/","title":{"rendered":"L&#8217;\u00e9quipe GEPEA"},"content":{"rendered":"\n<figure class=\"wp-block-table is-style-stripes\"><table><thead><tr><th class=\"has-text-align-center\" data-align=\"center\">Nom de famille<\/th><th class=\"has-text-align-center\" data-align=\"center\">Pr\u00e9nom<\/th><th class=\"has-text-align-center\" data-align=\"center\">Position dans le projet<\/th><\/tr><\/thead><tbody><tr><td class=\"has-text-align-center\" data-align=\"center\"><strong>Gillon<\/strong><\/td><td class=\"has-text-align-center\" data-align=\"center\"><strong>Pascale<\/strong><\/td><td class=\"has-text-align-center\" data-align=\"center\"><strong>Responsable du projet &#8211; Partenaire P4<\/strong><br><em><strong>Directrice de recherche CNRS <\/strong><\/em><br><em><strong>en g\u00e9nie des bioproc\u00e9d\u00e9s<\/strong><\/em><\/td><\/tr><tr><td class=\"has-text-align-center\" data-align=\"center\"><strong> H\u00e9quet<\/strong><\/td><td class=\"has-text-align-center\" data-align=\"center\"><strong>Val\u00e9rie<\/strong> <\/td><td class=\"has-text-align-center\" data-align=\"center\"><strong><em>Professeure<\/em><\/strong><\/td><\/tr><tr><td class=\"has-text-align-center\" data-align=\"center\"><strong>Durand-Thouand<\/strong><\/td><td class=\"has-text-align-center\" data-align=\"center\"><strong>Marie-Jos\u00e9<\/strong><\/td><td class=\"has-text-align-center\" data-align=\"center\"><strong><em>Professeure<\/em><\/strong><\/td><\/tr><tr><td class=\"has-text-align-center\" data-align=\"center\"> <strong>Cazier<\/strong><\/td><td class=\"has-text-align-center\" data-align=\"center\"><strong>Elisabeth <\/strong><\/td><td class=\"has-text-align-center\" data-align=\"center\"><strong><em>Ma\u00eetre de conf\u00e9rence<\/em><\/strong><\/td><\/tr><tr><td class=\"has-text-align-center\" data-align=\"center\"><strong>Titica<\/strong><\/td><td class=\"has-text-align-center\" data-align=\"center\"><strong>Mariana<\/strong><\/td><td class=\"has-text-align-center\" data-align=\"center\"><strong><em>Ma\u00eetre de conf\u00e9rence<\/em><\/strong><\/td><\/tr><tr><td class=\"has-text-align-center\" data-align=\"center\"><strong>Assaf<\/strong><\/td><td class=\"has-text-align-center\" data-align=\"center\"><strong>Ali<\/strong><\/td><td class=\"has-text-align-center\" data-align=\"center\"><strong><em>Ma\u00eetre de conf\u00e9rence<\/em><\/strong><\/td><\/tr><tr><td class=\"has-text-align-center\" data-align=\"center\"><strong> Littorie<\/strong><\/td><td class=\"has-text-align-center\" data-align=\"center\"><strong>Florian<\/strong> <\/td><td class=\"has-text-align-center\" data-align=\"center\"><strong><em>Doctorante<\/em><\/strong><\/td><\/tr><tr><td class=\"has-text-align-center\" data-align=\"center\"><strong><em>Technicien<\/em><\/strong><\/td><td class=\"has-text-align-center\" data-align=\"center\"><\/td><td class=\"has-text-align-center\" data-align=\"center\"><\/td><\/tr><\/tbody><\/table><\/figure>\n\n\n\n<p><\/p>\n","protected":false},"excerpt":{"rendered":"<p>Nom de famille Pr\u00e9nom Position dans le projet Gillon Pascale Responsable du projet &#8211; Partenaire P4Directrice de recherche CNRS en g\u00e9nie des bioproc\u00e9d\u00e9s H\u00e9quet Val\u00e9rie Professeure Durand-Thouand Marie-Jos\u00e9 Professeure Cazier Elisabeth Ma\u00eetre de conf\u00e9rence Titica Mariana Ma\u00eetre de conf\u00e9rence Assaf Ali Ma\u00eetre de conf\u00e9rence Littorie Florian Doctorante Technicien<\/p>\n","protected":false},"author":1,"featured_media":0,"parent":0,"menu_order":0,"comment_status":"closed","ping_status":"closed","template":"","meta":{"footnotes":""},"class_list":["post-293","page","type-page","status-publish","hentry"],"_links":{"self":[{"href":"https:\/\/water4all.ro\/watergreentreat\/index.php\/wp-json\/wp\/v2\/pages\/293","targetHints":{"allow":["GET"]}}],"collection":[{"href":"https:\/\/water4all.ro\/watergreentreat\/index.php\/wp-json\/wp\/v2\/pages"}],"about":[{"href":"https:\/\/water4all.ro\/watergreentreat\/index.php\/wp-json\/wp\/v2\/types\/page"}],"author":[{"embeddable":true,"href":"https:\/\/water4all.ro\/watergreentreat\/index.php\/wp-json\/wp\/v2\/users\/1"}],"replies":[{"embeddable":true,"href":"https:\/\/water4all.ro\/watergreentreat\/index.php\/wp-json\/wp\/v2\/comments?post=293"}],"version-history":[{"count":4,"href":"https:\/\/water4all.ro\/watergreentreat\/index.php\/wp-json\/wp\/v2\/pages\/293\/revisions"}],"predecessor-version":[{"id":699,"href":"https:\/\/water4all.ro\/watergreentreat\/index.php\/wp-json\/wp\/v2\/pages\/293\/revisions\/699"}],"wp:attachment":[{"href":"https:\/\/water4all.ro\/watergreentreat\/index.php\/wp-json\/wp\/v2\/media?parent=293"}],"curies":[{"name":"wp","href":"https:\/\/api.w.org\/{rel}","templated":true}]}}