{"id":334,"date":"2024-10-09T08:14:19","date_gmt":"2024-10-09T08:14:19","guid":{"rendered":"https:\/\/water4all.ro\/watergreentreat\/?page_id=334"},"modified":"2024-10-29T08:42:56","modified_gmt":"2024-10-29T08:42:56","slug":"resumen","status":"publish","type":"page","link":"https:\/\/water4all.ro\/watergreentreat\/index.php\/es\/resumen\/","title":{"rendered":"Resumen"},"content":{"rendered":"\n<p class=\"has-text-align-left has-black-color has-text-color has-background has-link-color has-medium-font-size wp-elements-5a2966bd609fb862c7d8b4b7cf0a36f4\" style=\"background-color:#d5f2c7\"><strong>El objetivo de  este proyecto es la fabricaci\u00f3n mediante moldeo robotizado (robocasting) de fotocatalizadores macroporosos basados en compuestos de \u00f3xidos met\u00e1licos (ZnO\/CuO) obtenidos mediante m\u00e9todos ecol\u00f3gicos y la evaluaci\u00f3n del efecto sin\u00e9rgico inducido por la presencia simult\u00e1nea de los fotocatalizadores y de microalgas en la eliminaci\u00f3n de contaminantes espec\u00edficos de aguas residuales   con el fin de utilizar el agua regenerada en la agricultura.<\/strong><\/p>\n\n\n\n<p class=\"has-text-align-center has-black-color has-text-color has-background has-link-color has-medium-font-size wp-elements-1a696dbf8cb69e6280ffcea5f4a8edee\" style=\"background-color:#f2f9ec\"><strong>  <em> <mark style=\"background-color:rgba(0, 0, 0, 0)\" class=\"has-inline-color has-light-green-cyan-color\">Los pricipales objetivos <\/mark><\/em> del proyecto son los siguientes: : <\/strong><\/p>\n\n\n\n<p class=\"has-text-align-left has-black-color has-text-color has-background has-link-color has-medium-font-size wp-elements-ed33132522cb61b4166f4f2a1a2a4eb8\" style=\"background-color:#f2f9ec\"><strong>(i) <\/strong>s\u00edntesis ecol\u00f3gica de fotocatalizadores basados en nanopart\u00edculas (NPs) de \u00f3xidos met\u00e1licos (ZnO, CuO),<\/p>\n\n\n\n<p class=\"has-text-align-left has-black-color has-text-color has-background has-link-color has-medium-font-size wp-elements-a3ae904c318d7ac1351639918da47376\" style=\"background-color:#f2f9ec\"><strong>(ii) <\/strong>fabricaci\u00f3n mediante la t\u00e9cnica de robocasting de estructuras tridimensionales porosas a partir de nanopart\u00edculas de compuestos de \u00f3xidos met\u00e1licos ecol\u00f3gicos,<\/p>\n\n\n\n<p class=\"has-text-align-left has-black-color has-text-color has-background has-link-color has-medium-font-size wp-elements-4b53e212e4c0ce1056fd7658a5185c19\" style=\"background-color:#f2f9ec\"><strong>(iii) <\/strong>utilizaci\u00f3n de las estructuras tridimensionales porosas obtenidas para eliminar contaminantes como antibi\u00f3ticos o colorantes de las aguas residuales generadas por la industria farmac\u00e9utica\/textil,<\/p>\n\n\n\n<p class=\"has-black-color has-text-color has-background has-link-color has-medium-font-size wp-elements-1d990da9592bdddf06fa601b2048917a\" style=\"background-color:#f2f9ec\"><strong>(iv) <\/strong>determinaci\u00f3n de \u00a0la toxicidad b\u00e1sica de aguas residuales sint\u00e9ticas\/reales, antes y despu\u00e9s del tratamiento, en plantas de laboratorio\/invernadero, as\u00ed como en organismos vivos: A. fischeri, Daphnia, prueba de toxicidad embrionaria en pez cebra (ZETA) y toxicidad aguda en huevos de pez cebra.<\/p>\n\n\n\n<p class=\"has-text-align-left has-black-color has-text-color has-background has-link-color has-medium-font-size wp-elements-f2bb5dfdd96ca88b54d40ca5a8945dcb\" style=\"background-color:#f2f9ec\"><strong> (v)<\/strong> utilizaci\u00f3n de microalgas para reducir las especies contaminantes generadas durante el proceso de fotocat\u00e1lisis,<\/p>\n\n\n\n<p class=\"has-text-align-left has-black-color has-text-color has-background has-link-color has-medium-font-size wp-elements-daa948174a6f56def20743b56a0de1be\" style=\"background-color:#f2f9ec\"><strong>(vi) <\/strong>evaluaci\u00f3n del efecto sin\u00e9rgico inducido por \u00a0los fotocatalizadores 3D fabricados mediante robocasting y las microalgas a nivel de laboratorio\/semi-industrial\/invernadero en aguas residuales sint\u00e9ticas (a\u00f1adiendo medicamentos\/colorantes) y en aguas residuales reales (procedentes de plantas de tratamiento).<\/p>\n\n\n\n<p><\/p>\n\n\n\n<p><\/p>\n","protected":false},"excerpt":{"rendered":"<p>El objetivo de este proyecto es la fabricaci\u00f3n mediante moldeo robotizado (robocasting) de fotocatalizadores macroporosos basados en compuestos de \u00f3xidos met\u00e1licos (ZnO\/CuO) obtenidos mediante m\u00e9todos ecol\u00f3gicos y la evaluaci\u00f3n del efecto sin\u00e9rgico inducido por la presencia simult\u00e1nea de los fotocatalizadores y de microalgas en la eliminaci\u00f3n de contaminantes espec\u00edficos de aguas residuales con el fin [&hellip;]<\/p>\n","protected":false},"author":1,"featured_media":0,"parent":0,"menu_order":0,"comment_status":"closed","ping_status":"closed","template":"","meta":{"footnotes":""},"class_list":["post-334","page","type-page","status-publish","hentry"],"_links":{"self":[{"href":"https:\/\/water4all.ro\/watergreentreat\/index.php\/wp-json\/wp\/v2\/pages\/334","targetHints":{"allow":["GET"]}}],"collection":[{"href":"https:\/\/water4all.ro\/watergreentreat\/index.php\/wp-json\/wp\/v2\/pages"}],"about":[{"href":"https:\/\/water4all.ro\/watergreentreat\/index.php\/wp-json\/wp\/v2\/types\/page"}],"author":[{"embeddable":true,"href":"https:\/\/water4all.ro\/watergreentreat\/index.php\/wp-json\/wp\/v2\/users\/1"}],"replies":[{"embeddable":true,"href":"https:\/\/water4all.ro\/watergreentreat\/index.php\/wp-json\/wp\/v2\/comments?post=334"}],"version-history":[{"count":2,"href":"https:\/\/water4all.ro\/watergreentreat\/index.php\/wp-json\/wp\/v2\/pages\/334\/revisions"}],"predecessor-version":[{"id":603,"href":"https:\/\/water4all.ro\/watergreentreat\/index.php\/wp-json\/wp\/v2\/pages\/334\/revisions\/603"}],"wp:attachment":[{"href":"https:\/\/water4all.ro\/watergreentreat\/index.php\/wp-json\/wp\/v2\/media?parent=334"}],"curies":[{"name":"wp","href":"https:\/\/api.w.org\/{rel}","templated":true}]}}