{"id":336,"date":"2024-10-09T08:17:06","date_gmt":"2024-10-09T08:17:06","guid":{"rendered":"https:\/\/water4all.ro\/watergreentreat\/?page_id=336"},"modified":"2024-10-29T11:41:18","modified_gmt":"2024-10-29T11:41:18","slug":"kifogas","status":"publish","type":"page","link":"https:\/\/water4all.ro\/watergreentreat\/index.php\/hu\/kifogas\/","title":{"rendered":"C\u00e9lkit\u0171z\u00e9sei"},"content":{"rendered":"\n<p class=\"has-white-color has-text-color has-background has-link-color has-medium-font-size wp-elements-6b8e5cde6555bfc78c1f05ac163ebd6d\" style=\"background-color:#0c412e\"><strong> 1) <\/strong><strong>F\u00e9m-oxidok nanor\u00e9szecsk\u00e9k \u00e9s kompozitjaik fitoszint\u00e9zise \u00e9s karakteriz\u00e1l\u00e1sa. <\/strong><\/p>\n\n\n\n<p class=\"has-white-color has-text-color has-background has-link-color has-medium-font-size wp-elements-a4acb634badea32c07cfec9c67991650\" style=\"background-color:#376755\"><strong>2)<\/strong> <strong>Ezek alkalmaz\u00e1sa k\u00fcl\u00f6nb\u00f6z\u0151, gy\u00f3gyszer hat\u00f3anyagokat \u00e9s fest\u00e9kanyagokat tartalmaz\u00f3 szintetikus szennyvizek kezel\u00e9s\u00e9re laborat\u00f3riumi k\u00f6r\u00fclm\u00e9nyek k\u00f6z\u00f6tt.<\/strong><\/p>\n\n\n\n<p class=\"has-white-color has-text-color has-background has-link-color has-medium-font-size wp-elements-ddaadc38ea2841ed42bc3b40f37e16b5\" style=\"background-color:#3e8c71\"><strong>3) A fotokataliz\u00e1torok In vitro biol\u00f3giai hat\u00e1sm\u00e9r\u00e9se [sejttoxicit\u00e1s akut (ISO 11348) \u00e9s kr\u00f3nikus Aliivibrio fischeri tesztekkel, akut alga (OECD 201) \u00e9s daphnia (OECD 202) tesztekkel, valamint zebrad\u00e1ni\u00f3 embri\u00f3 tocixit\u00e1si teszttel (OECD 236)]. <\/strong><\/p>\n\n\n\n<p class=\"has-white-color has-text-color has-background has-link-color has-medium-font-size wp-elements-f12c615fcd3f0ed43ac7c5b98d6669e4\" style=\"background-color:#18a471\"><strong>4) A 3D-nyomtatott fotokataliz\u00e1torokkal val\u00f3 kezel\u00e9se el\u0151tti \u00e9s ut\u00e1ni szintetikus \u00e9s val\u00f3di szennyvizek hat\u00e1s\u00e1nak vizsg\u00e1lata in vivo \u00fcvegh\u00e1zi n\u00f6v\u00e9nyeken; in vitro Aliivibrio fischeri prokari\u00f3ta tesztszervezeten akut (ISO 11348) \u00e9s nagy \u00e1tereszt\u0151k\u00e9pess\u00e9g\u0171, mikrotiter lemezre adapt\u00e1lt kr\u00f3nikus tesztben; Daphnia akut tesztben; valamint zebrad\u00e1ni\u00f3 ikr\u00e1n a szennyv\u00edzmin\u0151s\u00edt\u00e9sre alkalmazott akut toxicit\u00e1si tesztben (ISO15088).<\/strong><\/p>\n\n\n\n<p class=\"has-light-green-cyan-to-vivid-green-cyan-gradient-background has-background has-medium-font-size\"><strong>5) Az \u00f6kol\u00f3gikus f\u00e9m-oxid nanor\u00e9szecsk\u00e9ken alapul\u00f3 egyes kompozitok \u00e9s a bel\u0151l\u00fck k\u00e9sz\u00fclt 3D-nyomtatott fotokataliz\u00e1torok detoxifik\u00e1ci\u00f3s kapacit\u00e1s\u00e1nak felm\u00e9r\u00e9se mikroalg\u00e1kkal, illetve a mikroalg\u00e1k szinergikus hat\u00e1sainak meg\u00e1llap\u00edt\u00e1sa a fotokataliz\u00e1torok mikroszennyez\u0151-elt\u00e1vol\u00edt\u00e1sban j\u00e1tszott hat\u00e9konys\u00e1g\u00e1ra.<\/strong><\/p>\n\n\n\n<p class=\"has-background has-medium-font-size\" style=\"background:linear-gradient(135deg,rgb(122,220,180) 0%,rgb(54,213,57) 56%,rgb(0,208,130) 100%)\"><strong>      Jelenlegi tud\u00e1sunk szerint nincs \u00f6kol\u00f3gikusan el\u0151\u00e1ll\u00edtott f\u00e9m-oxid (r\u00e9z- \u00e9s cink-oxid) kompozitokon alapul\u00f3, 3D-nyomtatott fotokataliz\u00e1torra vonatkoz\u00f3 ismeret\u00fcnk. A k\u00f6rforg\u00e1sos gazdas\u00e1g keret\u00e9n bel\u00fcl elengedhetetlen\u00fcl fontos, hogy felismerj\u00fck \u00e9s fejlessz\u00fck azokat a technol\u00f3gi\u00e1kat, amelyek a k\u00fcl\u00f6nb\u00f6z\u0151 ipar\u00e1gak tev\u00e9kenys\u00e9ge sor\u00e1n l\u00e9trej\u00f6v\u0151 szennyvizek kezel\u00e9s\u00e9re alkalmasak oly m\u00f3don, hogy a kezelt \u00e9s visszanyert v\u00edz min\u0151s\u00e9ge megfeleljen mez\u0151gazdas\u00e1gi alkalmaz\u00e1s c\u00e9lj\u00e1ra. <\/strong><\/p>\n\n\n\n<p class=\"has-background has-medium-font-size\" style=\"background:linear-gradient(135deg,rgb(122,220,180) 0%,rgb(54,213,57) 56%,rgb(0,208,130) 100%)\"><strong>A biol\u00f3giailag akt\u00edv gy\u00f3gyszer hat\u00f3anyagok \u00e9s k\u00fcl\u00f6nb\u00f6z\u0151 fest\u00e9kanyagok elt\u00e1vol\u00edt\u00e1sa a gy\u00f3gyszer- \u00e9s textilipari szennyvizekb\u0151l elengedhetetlen annak \u00e9rdek\u00e9ben, hogy a kezel\u00e9s sor\u00e1n visszanyert vizet fel lehessen m\u00e1s ter\u00fcleteken, pl. mez\u0151gazdas\u00e1gban haszn\u00e1lni.<\/strong><\/p>\n\n\n\n<p class=\"has-background has-medium-font-size\" style=\"background:linear-gradient(135deg,rgb(122,220,180) 0%,rgb(54,213,57) 56%,rgb(0,208,130) 100%)\"><strong>Ennek megfelel\u0151en, a szennyvizek a 3D-nyomtatott fotokatalitikus strukt\u00far\u00e1kkal \u00e9s mikroalg\u00e1kkal t\u00f6rt\u00e9n\u0151 kezel\u00e9se, valamint a k\u00f6z\u00f6tt\u00fck fell\u00e9p\u0151 szinergikus k\u00f6lcs\u00f6nhat\u00e1sok r\u00e9v\u00e9n alkalmass\u00e1 tehet\u0151k mez\u0151gazdas\u00e1gi hasznos\u00edt\u00e1sra.<\/strong><\/p>\n\n\n\n<p class=\"has-background has-medium-font-size\" style=\"background:linear-gradient(135deg,rgb(122,220,180) 0%,rgb(54,213,57) 56%,rgb(0,208,130) 100%)\"><strong> Tov\u00e1bb\u00e1 tekintettel arra, hogy az egyre n\u00f6vekv\u0151 magas h\u0151m\u00e9rs\u00e9klet\u0171 peri\u00f3dusok k\u00f6zvetlen hat\u00e1ssal vannak a felsz\u00edni-, ebb\u0151l k\u00f6vetkez\u0151en a felsz\u00edn alatti vizekre, a n\u00e9pess\u00e9g a haszonn\u00f6v\u00e9nyek \u00f6nt\u00f6z\u00e9s\u00e9nek m\u00e9rs\u00e9kl\u00e9s\u00e9re k\u00e9nyszer\u00fclhet. Ezt az akad\u00e1lyt cs\u00f6kkenteni lehet a kezelt szennyvizek mez\u0151gazdas\u00e1gban t\u00f6rt\u00e9n\u0151 \u00fajrahasznos\u00edt\u00e1s\u00e1val.<\/strong><\/p>\n\n\n\n<p class=\"has-electric-grass-gradient-background has-text-color has-background has-link-color has-medium-font-size wp-elements-fba225f1bb986a5dc30e90c1d1e44db9\" style=\"color:#175f89\"><strong>       <em>K\u00f6vetkez\u00e9sk\u00e9ppen a projekt eredm\u00e9nyei jav\u00edthatj\u00e1k a szennyv\u00edztiszt\u00edt\u00f3 l\u00e9tes\u00edtm\u00e9nyek rugalmas ellen\u00e1ll\u00e1si k\u00e9pess\u00e9g\u00e9t \u00e9s alkalmazkod\u00f3k\u00e9pess\u00e9g\u00e9t a sz\u00e9ls\u0151s\u00e9ges hidroklimatikus esem\u00e9nyekkel kapcsolatban.<\/em><\/strong><\/p>\n\n\n\n<p><\/p>\n","protected":false},"excerpt":{"rendered":"<p>1) F\u00e9m-oxidok nanor\u00e9szecsk\u00e9k \u00e9s kompozitjaik fitoszint\u00e9zise \u00e9s karakteriz\u00e1l\u00e1sa. 2) Ezek alkalmaz\u00e1sa k\u00fcl\u00f6nb\u00f6z\u0151, gy\u00f3gyszer hat\u00f3anyagokat \u00e9s fest\u00e9kanyagokat tartalmaz\u00f3 szintetikus szennyvizek kezel\u00e9s\u00e9re laborat\u00f3riumi k\u00f6r\u00fclm\u00e9nyek k\u00f6z\u00f6tt. 3) A fotokataliz\u00e1torok In vitro biol\u00f3giai hat\u00e1sm\u00e9r\u00e9se [sejttoxicit\u00e1s akut (ISO 11348) \u00e9s kr\u00f3nikus Aliivibrio fischeri tesztekkel, akut alga (OECD 201) \u00e9s daphnia (OECD 202) tesztekkel, valamint zebrad\u00e1ni\u00f3 embri\u00f3 tocixit\u00e1si teszttel (OECD 236)]. [&hellip;]<\/p>\n","protected":false},"author":1,"featured_media":0,"parent":0,"menu_order":0,"comment_status":"closed","ping_status":"closed","template":"","meta":{"footnotes":""},"class_list":["post-336","page","type-page","status-publish","hentry"],"_links":{"self":[{"href":"https:\/\/water4all.ro\/watergreentreat\/index.php\/wp-json\/wp\/v2\/pages\/336","targetHints":{"allow":["GET"]}}],"collection":[{"href":"https:\/\/water4all.ro\/watergreentreat\/index.php\/wp-json\/wp\/v2\/pages"}],"about":[{"href":"https:\/\/water4all.ro\/watergreentreat\/index.php\/wp-json\/wp\/v2\/types\/page"}],"author":[{"embeddable":true,"href":"https:\/\/water4all.ro\/watergreentreat\/index.php\/wp-json\/wp\/v2\/users\/1"}],"replies":[{"embeddable":true,"href":"https:\/\/water4all.ro\/watergreentreat\/index.php\/wp-json\/wp\/v2\/comments?post=336"}],"version-history":[{"count":4,"href":"https:\/\/water4all.ro\/watergreentreat\/index.php\/wp-json\/wp\/v2\/pages\/336\/revisions"}],"predecessor-version":[{"id":653,"href":"https:\/\/water4all.ro\/watergreentreat\/index.php\/wp-json\/wp\/v2\/pages\/336\/revisions\/653"}],"wp:attachment":[{"href":"https:\/\/water4all.ro\/watergreentreat\/index.php\/wp-json\/wp\/v2\/media?parent=336"}],"curies":[{"name":"wp","href":"https:\/\/api.w.org\/{rel}","templated":true}]}}