{"id":338,"date":"2024-10-09T08:19:01","date_gmt":"2024-10-09T08:19:01","guid":{"rendered":"https:\/\/water4all.ro\/watergreentreat\/?page_id=338"},"modified":"2024-10-29T13:58:34","modified_gmt":"2024-10-29T13:58:34","slug":"objectifs","status":"publish","type":"page","link":"https:\/\/water4all.ro\/watergreentreat\/index.php\/fr\/objectifs\/","title":{"rendered":"Objectifs"},"content":{"rendered":"\n<p class=\"has-white-color has-text-color has-background has-link-color has-medium-font-size wp-elements-ab8c9fe5f54c26c7d2be11693e5b21f2\" style=\"background-color:#0c412e\"><strong> 1) Phytosynth\u00e8se et caract\u00e9risation d&#8217;oxydes m\u00e9talliques, de nanoparticules m\u00e9talliques et de leurs composites.<\/strong><\/p>\n\n\n\n<p class=\"has-white-color has-text-color has-background has-link-color has-medium-font-size wp-elements-967b857847b3a30fa4da09f64d3cb98e\" style=\"background-color:#376755\"><strong>2)<\/strong> <strong>Utilisation de ecoMO pour traiter, en laboratoire, diverses eaux us\u00e9es synth\u00e9tiques (contenant des colorants organiques, des m\u00e9dicaments, etc.).<\/strong><\/p>\n\n\n\n<p class=\"has-white-color has-text-color has-background has-link-color has-medium-font-size wp-elements-8fe47ca974b491e9790effa3233b998a\" style=\"background-color:#3e8c71\"><strong>3) Investigations biologiques in vitro [\u00e9valuation de la cytotoxicit\u00e9 par des essais aigus et chroniques avec Aliivibrio fischeri (ISO 11348), tests aigus sur les algues (OECD 201) et Daphnia (OECD 202), et test de toxicit\u00e9 embryonnaire sur le poisson z\u00e8bre (OECD 236)] ; l&#8217;impact biologique de ecoMO sur les milieux terrestres et aquatiques sera test\u00e9. <\/strong><\/p>\n\n\n\n<p class=\"has-white-color has-text-color has-background has-link-color has-medium-font-size wp-elements-f0785b20e5ba91a1716ceed9153a0bb6\" style=\"background-color:#18a471\"><strong>4) Les eaux us\u00e9es synth\u00e9tiques\/r\u00e9elles (avant et apr\u00e8s traitement avec des photocatalyseurs robocast\u00e9s bas\u00e9s sur des composites ecoMO) seront test\u00e9es comme suit : (i) in vivo sur des plantes cultiv\u00e9es en serre (station de recherche didactique et scientifique) ; (ii) in vitro sur Aliivibrio fischeri pour la cytotoxicit\u00e9 aigu\u00eb (norme ISO 11348) et pour la toxicit\u00e9 chronique dans un test \u00e0 haut d\u00e9bit adapt\u00e9 aux microplaques ; tests aigus sur Daphnia ; et mesure de la toxicit\u00e9 aigu\u00eb sur les \u0153ufs de poisson z\u00e8bre pour la qualification des eaux us\u00e9es (ISO 15088).<\/strong><\/p>\n\n\n\n<p class=\"has-light-green-cyan-to-vivid-green-cyan-gradient-background has-background has-medium-font-size\"><strong>5) \u00c9valuation de l&#8217;efficacit\u00e9 de la d\u00e9toxification de diff\u00e9rents \u00e9chantillons composites bas\u00e9s sur des nanoparticules d&#8217;oxydes m\u00e9talliques \u00e9cologiques (ecoMO) et de leurs photocatalyseurs robocast\u00e9s par la culture de microalgues dans un environnement d&#8217;eaux us\u00e9es trait\u00e9es, ainsi que de l&#8217;effet synergique induit par la pr\u00e9sence de microalgues sur le composite \u00e9cologique de nanoparticules d&#8217;oxydes m\u00e9talliques ou leurs photocatalyseurs robocast\u00e9s pour l&#8217;\u00e9limination de certains polluants.<\/strong><\/p>\n\n\n\n<p class=\"has-background has-medium-font-size\" style=\"background:linear-gradient(135deg,rgb(122,220,180) 0%,rgb(54,213,57) 56%,rgb(0,208,130) 100%)\"><strong>      \u00c0 notre connaissance, il n&#8217;existe aucun rapport concernant les photocatalyseurs robocast\u00e9s bas\u00e9s sur des composites ecoMO (ZnO\/CuO). Dans le cadre de l&#8217;\u00e9conomie circulaire, il est n\u00e9cessaire d&#8217;identifier et de d\u00e9velopper des technologies efficaces pour le traitement des eaux r\u00e9siduelles g\u00e9n\u00e9r\u00e9es par l&#8217;industrie pharmaceutique, textile, etc., afin d&#8217;utiliser l&#8217;eau r\u00e9cup\u00e9r\u00e9e en agriculture.<\/strong><\/p>\n\n\n\n<p class=\"has-background has-medium-font-size\" style=\"background:linear-gradient(135deg,rgb(122,220,180) 0%,rgb(54,213,57) 56%,rgb(0,208,130) 100%)\"><strong>L&#8217;\u00e9limination des compos\u00e9s actifs pharmaceutiques (PhACs) et des colorants des eaux g\u00e9n\u00e9r\u00e9es par l&#8217;industrie pharmaceutique et textile est essentielle pour utiliser l&#8217;eau r\u00e9cup\u00e9r\u00e9e dans d&#8217;autres domaines tels que l&#8217;agriculture. Ainsi, l&#8217;eau r\u00e9cup\u00e9r\u00e9e obtenue gr\u00e2ce \u00e0 un effet synergique induit par des structures photocatalytiques imprim\u00e9es en 3D et des microalgues peut \u00eatre utilis\u00e9e dans des activit\u00e9s agricoles.<\/strong><\/p>\n\n\n\n<p class=\"has-background has-medium-font-size\" style=\"background:linear-gradient(135deg,rgb(122,220,180) 0%,rgb(54,213,57) 56%,rgb(0,208,130) 100%)\"><strong>De plus, compte tenu de l&#8217;augmentation des p\u00e9riodes de temp\u00e9ratures \u00e9lev\u00e9es qui entra\u00eene une diminution du d\u00e9bit des eaux de surface, influen\u00e7ant \u00e9galement le flux des eaux souterraines peu profondes, la population pourrait \u00eatre contrainte de r\u00e9duire l&#8217;irrigation des cultures. Cet obstacle peut \u00eatre att\u00e9nu\u00e9 en r\u00e9utilisant les eaux us\u00e9es trait\u00e9es en agriculture.<\/strong><\/p>\n\n\n\n<p class=\"has-electric-grass-gradient-background has-text-color has-background has-link-color has-medium-font-size wp-elements-a9bd35052ddb99d192c6b72a7b9a2231\" style=\"color:#175f89\"><strong>       <em>Par cons\u00e9quent, le r\u00e9sultat de notre projet peut am\u00e9liorer la r\u00e9silience et la capacit\u00e9 d&#8217;adaptation des installations de traitement des eaux us\u00e9es dans le cadre d&#8217;\u00e9v\u00e9nements hydroclimatiques extr\u00eames.<\/em><\/strong><\/p>\n\n\n\n<p><\/p>\n","protected":false},"excerpt":{"rendered":"<p>1) Phytosynth\u00e8se et caract\u00e9risation d&#8217;oxydes m\u00e9talliques, de nanoparticules m\u00e9talliques et de leurs composites. 2) Utilisation de ecoMO pour traiter, en laboratoire, diverses eaux us\u00e9es synth\u00e9tiques (contenant des colorants organiques, des m\u00e9dicaments, etc.). 3) Investigations biologiques in vitro [\u00e9valuation de la cytotoxicit\u00e9 par des essais aigus et chroniques avec Aliivibrio fischeri (ISO 11348), tests aigus sur [&hellip;]<\/p>\n","protected":false},"author":1,"featured_media":0,"parent":0,"menu_order":0,"comment_status":"closed","ping_status":"closed","template":"","meta":{"footnotes":""},"class_list":["post-338","page","type-page","status-publish","hentry"],"_links":{"self":[{"href":"https:\/\/water4all.ro\/watergreentreat\/index.php\/wp-json\/wp\/v2\/pages\/338","targetHints":{"allow":["GET"]}}],"collection":[{"href":"https:\/\/water4all.ro\/watergreentreat\/index.php\/wp-json\/wp\/v2\/pages"}],"about":[{"href":"https:\/\/water4all.ro\/watergreentreat\/index.php\/wp-json\/wp\/v2\/types\/page"}],"author":[{"embeddable":true,"href":"https:\/\/water4all.ro\/watergreentreat\/index.php\/wp-json\/wp\/v2\/users\/1"}],"replies":[{"embeddable":true,"href":"https:\/\/water4all.ro\/watergreentreat\/index.php\/wp-json\/wp\/v2\/comments?post=338"}],"version-history":[{"count":2,"href":"https:\/\/water4all.ro\/watergreentreat\/index.php\/wp-json\/wp\/v2\/pages\/338\/revisions"}],"predecessor-version":[{"id":683,"href":"https:\/\/water4all.ro\/watergreentreat\/index.php\/wp-json\/wp\/v2\/pages\/338\/revisions\/683"}],"wp:attachment":[{"href":"https:\/\/water4all.ro\/watergreentreat\/index.php\/wp-json\/wp\/v2\/media?parent=338"}],"curies":[{"name":"wp","href":"https:\/\/api.w.org\/{rel}","templated":true}]}}