{"id":342,"date":"2024-10-09T08:22:04","date_gmt":"2024-10-09T08:22:04","guid":{"rendered":"https:\/\/water4all.ro\/watergreentreat\/?page_id=342"},"modified":"2024-10-29T08:51:54","modified_gmt":"2024-10-29T08:51:54","slug":"objetivos","status":"publish","type":"page","link":"https:\/\/water4all.ro\/watergreentreat\/index.php\/es\/objetivos\/","title":{"rendered":"Objetivos"},"content":{"rendered":"\n<p class=\"has-white-color has-text-color has-background has-link-color has-medium-font-size wp-elements-06978475223cef36e12dd88c5a1d6e0d\" style=\"background-color:#0c412e\"><strong> 1)<\/strong> <strong>Fitos\u00edntesis y caracterizaci\u00f3n de \u00f3xidos met\u00e1licos, nanopart\u00edculas met\u00e1licas y sus compuestos (ecoMO).<\/strong><\/p>\n\n\n\n<p class=\"has-white-color has-text-color has-background has-link-color has-medium-font-size wp-elements-04a8ede39dc84b5a6382598cbef4e5b6\" style=\"background-color:#376755\"><strong>2)<\/strong> <strong>Utilizaci\u00f3n de los ecoMO para tratar, en el laboratorio, diversas aguas residuales sint\u00e9ticas (que contienen colorantes org\u00e1nicos, medicamentos, etc.).<\/strong><\/p>\n\n\n\n<p class=\"has-white-color has-text-color has-background has-link-color has-medium-font-size wp-elements-b3faba6f98067794e864b1b4bb4e90da\" style=\"background-color:#3e8c71\"><strong>3) Realizaci\u00f3n de ensayos biol\u00f3gicos in vitro [evaluaci\u00f3n de citotoxicidad aguda y cr\u00f3nica mediante ensayos con Aliivibrio fischeri (ISO 11348), toxicidad aguda en ensayos con algas (OECD 201) y Daphnia (OECD 202), y ensayos de toxicidad embrionaria en pez cebra (OECD 236)]; y evaluaci\u00f3n del impacto biol\u00f3gico de los ecoMO en medios terrestres y acu\u00e1ticos.<\/strong><\/p>\n\n\n\n<p class=\"has-white-color has-text-color has-background has-link-color has-medium-font-size wp-elements-ddf72d32eb47afd3e8024bb3ea9084de\" style=\"background-color:#18a471\"><strong>4) Utilizaci\u00f3n de las aguas residuales sint\u00e9ticas\/reales (antes y despu\u00e9s del tratamiento con fotocatalizadores fabricados mediante robocasting a partir de compuestos ecoMO) : (i) in vivo en plantas cultivadas en invernadero (centro de investigaci\u00f3n did\u00e1ctica y cient\u00edfica); (ii) in vitro en Aliivibrio fischeri para citotoxicidad aguda (seg\u00fan la norma ISO 11348) y para toxicidad cr\u00f3nica en un ensayo de alto rendimiento adaptado a microplacas;  en ensayos con Daphnia para toxicidad aguda; y medici\u00f3n de toxicidad aguda en huevos de pez cebra para la clasificaci\u00f3n de aguas residuales (ISO 15088).<\/strong><\/p>\n\n\n\n<p class=\"has-light-green-cyan-to-vivid-green-cyan-gradient-background has-background has-medium-font-size\"><strong>5) Evaluaci\u00f3n de la eficiencia de detoxificaci\u00f3n de diferentes muestras compuestas basadas en nanopart\u00edculas de \u00f3xidos met\u00e1licos ecol\u00f3gicos (ecoMO) y de fotocatalizadores fabricados por robocasting mediante el cultivo de microalgas en un entorno de aguas residuales tratadas, y  determinaci\u00f3n del efecto sin\u00e9rgico inducido por la presencia de microalgas  y de los compuestos ecol\u00f3gicos de nanopart\u00edculas de \u00f3xidos met\u00e1licos o los fotocatalizadores fabricados mediante robocasting para la eliminaci\u00f3n de ciertos contaminantes.<\/strong><\/p>\n\n\n\n<p class=\"has-text-align-left has-background has-medium-font-size\" style=\"background:linear-gradient(135deg,rgb(122,220,180) 0%,rgb(54,213,57) 56%,rgb(0,208,130) 100%)\"><strong>             Hasta donde conocemos, no existen en la literatura trabajos sobre fotocatalizadores fabricados mediante robocasting basados en compuestos ecoMO (ZnO\/CuO). En el marco de la econom\u00eda circular, es necesario identificar y desarrollar tecnolog\u00edas eficientes para el tratamiento de las aguas residuales generadas por las industrias farmac\u00e9utica, textil, etc., con el fin de utilizar el agua recuperada en la agricultura.<\/strong><\/p>\n\n\n\n<p class=\"has-background has-medium-font-size\" style=\"background:linear-gradient(135deg,rgb(122,220,180) 0%,rgb(54,213,57) 56%,rgb(0,208,130) 100%)\"><strong>La eliminaci\u00f3n de los compuestos activos farmac\u00e9uticos (PhACs) y los colorantes del agua generada por la industria farmac\u00e9utica y textil es vital para poder utilizar el agua recuperada en otros campos como la agricultura. As\u00ed, el agua recuperada mediante el efecto sin\u00e9rgico inducido por los fotocatalizadores tridimensionales fabricados por robocasting y las microalgas puede ser utilizada en actividades agr\u00edcolas.<\/strong><\/p>\n\n\n\n<p class=\"has-background has-medium-font-size\" style=\"background:linear-gradient(135deg,rgb(122,220,180) 0%,rgb(54,213,57) 56%,rgb(0,208,130) 100%)\"><strong>Adem\u00e1s, debido a que el aumento de los per\u00edodos de altas temperaturas tiene el efecto directo de disminuir el caudal de agua superficial, lo que tambi\u00e9n influye en el flujo de las aguas subterr\u00e1neas poco profundas, la poblaci\u00f3n podr\u00eda verse obligada a reducir el riego de los cultivos. Este problema podr\u00eda ser mitigado mediante la reutilizaci\u00f3n en agricultura de aguas residuales tratadas.   <\/strong><\/p>\n\n\n\n<p class=\"has-electric-grass-gradient-background has-text-color has-background has-link-color has-medium-font-size wp-elements-24bb1dd25f58a67ba594317253e466bd\" style=\"color:#175f89\"><strong>       <em>En consecuencia, los resultados del proyecto WaterGreenTreat pueden contribuir a mejorar la resiliencia y la capacidad de adaptaci\u00f3n de las instalaciones de tratamiento de aguas residuales en el marco de eventos hidroclim\u00e1ticos extremos.<\/em><\/strong><\/p>\n\n\n\n<p><\/p>\n","protected":false},"excerpt":{"rendered":"<p>1) Fitos\u00edntesis y caracterizaci\u00f3n de \u00f3xidos met\u00e1licos, nanopart\u00edculas met\u00e1licas y sus compuestos (ecoMO). 2) Utilizaci\u00f3n de los ecoMO para tratar, en el laboratorio, diversas aguas residuales sint\u00e9ticas (que contienen colorantes org\u00e1nicos, medicamentos, etc.). 3) Realizaci\u00f3n de ensayos biol\u00f3gicos in vitro [evaluaci\u00f3n de citotoxicidad aguda y cr\u00f3nica mediante ensayos con Aliivibrio fischeri (ISO 11348), toxicidad aguda [&hellip;]<\/p>\n","protected":false},"author":1,"featured_media":0,"parent":0,"menu_order":0,"comment_status":"closed","ping_status":"closed","template":"","meta":{"footnotes":""},"class_list":["post-342","page","type-page","status-publish","hentry"],"_links":{"self":[{"href":"https:\/\/water4all.ro\/watergreentreat\/index.php\/wp-json\/wp\/v2\/pages\/342","targetHints":{"allow":["GET"]}}],"collection":[{"href":"https:\/\/water4all.ro\/watergreentreat\/index.php\/wp-json\/wp\/v2\/pages"}],"about":[{"href":"https:\/\/water4all.ro\/watergreentreat\/index.php\/wp-json\/wp\/v2\/types\/page"}],"author":[{"embeddable":true,"href":"https:\/\/water4all.ro\/watergreentreat\/index.php\/wp-json\/wp\/v2\/users\/1"}],"replies":[{"embeddable":true,"href":"https:\/\/water4all.ro\/watergreentreat\/index.php\/wp-json\/wp\/v2\/comments?post=342"}],"version-history":[{"count":2,"href":"https:\/\/water4all.ro\/watergreentreat\/index.php\/wp-json\/wp\/v2\/pages\/342\/revisions"}],"predecessor-version":[{"id":605,"href":"https:\/\/water4all.ro\/watergreentreat\/index.php\/wp-json\/wp\/v2\/pages\/342\/revisions\/605"}],"wp:attachment":[{"href":"https:\/\/water4all.ro\/watergreentreat\/index.php\/wp-json\/wp\/v2\/media?parent=342"}],"curies":[{"name":"wp","href":"https:\/\/api.w.org\/{rel}","templated":true}]}}