{"id":43,"date":"2024-06-19T08:16:30","date_gmt":"2024-06-19T08:16:30","guid":{"rendered":"http:\/\/water4all.ro\/watergreentreat\/?page_id=43"},"modified":"2024-10-11T08:01:07","modified_gmt":"2024-10-11T08:01:07","slug":"consortiu","status":"publish","type":"page","link":"https:\/\/water4all.ro\/watergreentreat\/index.php\/ro\/consortiu\/","title":{"rendered":"Consor\u021biu"},"content":{"rendered":"\n<p class=\"has-medium-font-size\"><strong>ID proiect : WaterGreenTreat<\/strong><\/p>\n\n\n\n<p class=\"has-medium-font-size\"><strong>Tip Proiect : <\/strong>International<\/p>\n\n\n\n<p class=\"has-medium-font-size\"><strong>Programul de \u00eencadrare al proiectului:<em> <\/em><\/strong>COFUND-WATER4ALL<\/p>\n\n\n\n<ul class=\"wp-block-list has-vivid-green-cyan-color has-text-color has-link-color wp-elements-5cb6d7c198fb63eab29ca42db2cff179\">\n<li class=\"has-medium-font-size\"><strong>Director proiect<\/strong>: <strong>Dr. Irina Zgura<\/strong><\/li>\n<\/ul>\n\n\n\n<p class=\"has-text-align-right has-medium-font-size\"><strong> Contractor &amp;<\/strong> <strong>\u021aar\u0103<\/strong>: Institutul Na\u021bional de Cercetare-Dezvoltare pentru Fizica Materialelor<\/p>\n\n\n\n<p class=\"has-text-align-right has-medium-font-size\">Rom\u00e2nia <a href=\"https:\/\/water4all.ro\/watergreentreat\/index.php\/nimp\/\" data-type=\"page\" data-id=\"86\"><img loading=\"lazy\" decoding=\"async\" width=\"150\" height=\"72\" class=\"wp-image-103\" style=\"width: 150px;\" src=\"http:\/\/water4all.ro\/watergreentreat\/wp-content\/uploads\/2024\/10\/I1.jpg\" alt=\"\"><\/a><\/p>\n\n\n\n<p class=\"has-medium-font-size\"><strong>Membrii investigatori principali ai consor\u021biului:<\/strong><\/p>\n\n\n\n<ul class=\"wp-block-list has-light-green-cyan-color has-text-color has-link-color wp-elements-f7cb23da96c5b9fb9b9fb5feb518e801\">\n<li class=\"has-medium-font-size\"><strong>Prof. Dr.<\/strong> <strong>Marcela-Elisabeta B\u0103rb\u00een\u0163\u0103-P\u0103tra\u015fcu<\/strong><\/li>\n<\/ul>\n\n\n\n<p class=\"has-text-align-right has-medium-font-size\"><strong>Contractor &amp; \u021aar\u0103:<\/strong> Universitatea din Bucure\u0219ti, Rom\u00e2nia <img loading=\"lazy\" decoding=\"async\" width=\"200\" height=\"43\" class=\"wp-image-104\" style=\"width: 200px;\" src=\"http:\/\/water4all.ro\/watergreentreat\/wp-content\/uploads\/2024\/10\/I2.jpg\" alt=\"\" srcset=\"https:\/\/water4all.ro\/watergreentreat\/wp-content\/uploads\/2024\/10\/I2.jpg 412w, https:\/\/water4all.ro\/watergreentreat\/wp-content\/uploads\/2024\/10\/I2-300x65.jpg 300w\" sizes=\"auto, (max-width: 200px) 100vw, 200px\" \/><\/p>\n\n\n\n<ul style=\"color:#3ca367\" class=\"wp-block-list has-text-color has-link-color wp-elements-344b259146ab2f919d96e87dedee8215\">\n<li class=\"has-medium-font-size\"><strong>Dr. Judit H\u00e1hn<\/strong><\/li>\n<\/ul>\n\n\n\n<p class=\"has-text-align-right has-medium-font-size\"><strong>Contractor &amp; \u021aar\u0103<\/strong>: Institutul de Acvacultur\u0103 \u0219i Siguran\u021ba Mediului, Ungaria<img loading=\"lazy\" decoding=\"async\" width=\"150\" height=\"74\" class=\"wp-image-105\" style=\"width: 150px;\" src=\"http:\/\/water4all.ro\/watergreentreat\/wp-content\/uploads\/2024\/10\/I3.jpg\" alt=\"\"><\/p>\n\n\n\n<ul style=\"color:#207d5b\" class=\"wp-block-list has-text-color has-link-color wp-elements-ef80b0604c78110cea8825c9b6554b48\">\n<li class=\"has-medium-font-size\"><strong>Dr. Antonia Pajares<\/strong><\/li>\n<\/ul>\n\n\n\n<p class=\"has-text-align-right has-medium-font-size\"><strong>Contractor &amp; \u021aar\u0103<\/strong>: Universitatea Extremadura, Spania<img loading=\"lazy\" decoding=\"async\" width=\"150\" height=\"85\" class=\"wp-image-106\" style=\"width: 150px;\" src=\"http:\/\/water4all.ro\/watergreentreat\/wp-content\/uploads\/2024\/10\/I4.jpg\" alt=\"\"><\/p>\n\n\n\n<ul style=\"color:#046e0f\" class=\"wp-block-list has-text-color has-link-color wp-elements-8fb55089849553d7c6bb98f7f2bb06c3\">\n<li class=\"has-medium-font-size\"><strong>Dr. Pascale Gillon<\/strong><\/li>\n<\/ul>\n\n\n\n<p class=\"has-text-align-right has-medium-font-size\"><strong>Contractor &amp; \u021aar\u0103<\/strong>: GEPEA, Fran\u021ba <img loading=\"lazy\" decoding=\"async\" width=\"150\" height=\"89\" class=\"wp-image-107\" style=\"width: 150px;\" src=\"http:\/\/water4all.ro\/watergreentreat\/wp-content\/uploads\/2024\/10\/I5.jpg\" alt=\"\"><\/p>\n\n\n\n<p class=\"has-medium-font-size\"><strong>Data de \u00eenceput<\/strong>: 1 April, 2024<\/p>\n\n\n\n<p class=\"has-medium-font-size\"><strong>Data finaliz\u0103rii:<\/strong>  31 March, 2027<\/p>\n\n\n\n<p><\/p>\n","protected":false},"excerpt":{"rendered":"<p>ID proiect : WaterGreenTreat Tip Proiect : International Programul de \u00eencadrare al proiectului: COFUND-WATER4ALL Contractor &amp; \u021aar\u0103: Institutul Na\u021bional de Cercetare-Dezvoltare pentru Fizica Materialelor Rom\u00e2nia Membrii investigatori principali ai consor\u021biului: Contractor &amp; \u021aar\u0103: Universitatea din Bucure\u0219ti, Rom\u00e2nia Contractor &amp; \u021aar\u0103: Institutul de Acvacultur\u0103 \u0219i Siguran\u021ba Mediului, Ungaria Contractor &amp; \u021aar\u0103: Universitatea Extremadura, Spania Contractor &amp; [&hellip;]<\/p>\n","protected":false},"author":1,"featured_media":0,"parent":0,"menu_order":0,"comment_status":"closed","ping_status":"closed","template":"","meta":{"footnotes":""},"class_list":["post-43","page","type-page","status-publish","hentry"],"_links":{"self":[{"href":"https:\/\/water4all.ro\/watergreentreat\/index.php\/wp-json\/wp\/v2\/pages\/43","targetHints":{"allow":["GET"]}}],"collection":[{"href":"https:\/\/water4all.ro\/watergreentreat\/index.php\/wp-json\/wp\/v2\/pages"}],"about":[{"href":"https:\/\/water4all.ro\/watergreentreat\/index.php\/wp-json\/wp\/v2\/types\/page"}],"author":[{"embeddable":true,"href":"https:\/\/water4all.ro\/watergreentreat\/index.php\/wp-json\/wp\/v2\/users\/1"}],"replies":[{"embeddable":true,"href":"https:\/\/water4all.ro\/watergreentreat\/index.php\/wp-json\/wp\/v2\/comments?post=43"}],"version-history":[{"count":4,"href":"https:\/\/water4all.ro\/watergreentreat\/index.php\/wp-json\/wp\/v2\/pages\/43\/revisions"}],"predecessor-version":[{"id":481,"href":"https:\/\/water4all.ro\/watergreentreat\/index.php\/wp-json\/wp\/v2\/pages\/43\/revisions\/481"}],"wp:attachment":[{"href":"https:\/\/water4all.ro\/watergreentreat\/index.php\/wp-json\/wp\/v2\/media?parent=43"}],"curies":[{"name":"wp","href":"https:\/\/api.w.org\/{rel}","templated":true}]}}