{"id":466,"date":"2024-10-11T07:14:25","date_gmt":"2024-10-11T07:14:25","guid":{"rendered":"https:\/\/water4all.ro\/watergreentreat\/?page_id=466"},"modified":"2024-10-11T07:21:28","modified_gmt":"2024-10-11T07:21:28","slug":"ub-equipe-du-projet","status":"publish","type":"page","link":"https:\/\/water4all.ro\/watergreentreat\/index.php\/fr\/ub-equipe-du-projet\/","title":{"rendered":"UB \u00e9quipe du projet"},"content":{"rendered":"\n<figure class=\"wp-block-table is-style-stripes\"><table class=\"has-fixed-layout\"><thead><tr><th class=\"has-text-align-center\" data-align=\"center\">Nom<\/th><th class=\"has-text-align-center\" data-align=\"center\">Pr\u00e9nom<\/th><th class=\"has-text-align-center\" data-align=\"center\">Position dans le projet<\/th><\/tr><\/thead><tbody><tr><td class=\"has-text-align-center\" data-align=\"center\"><strong> B\u0103rb\u00een\u021b\u0103-P\u0103tra\u0219cu<\/strong><\/td><td class=\"has-text-align-center\" data-align=\"center\"><strong>Marcela-Elisabeta <\/strong><\/td><td class=\"has-text-align-center\" data-align=\"center\"><strong>Partenaire responsable du projet &#8211; P1<\/strong><br><strong><em>Dr. ma\u00eetre de conf\u00e9rences<\/em><\/strong><\/td><\/tr><tr><td class=\"has-text-align-center\" data-align=\"center\"><strong>Nichita<\/strong><\/td><td class=\"has-text-align-center\" data-align=\"center\"><strong>Cornelia<\/strong><\/td><td class=\"has-text-align-center\" data-align=\"center\"><strong>Chercheur scientifique senior<\/strong><br><em><strong>Dr. Chercheur scientifique gr. I<\/strong><\/em><\/td><\/tr><tr><td class=\"has-text-align-center\" data-align=\"center\"><strong>Bi\u021b\u0103<\/strong><\/td><td class=\"has-text-align-center\" data-align=\"center\"><strong>Bogdan-Ionu\u021b<\/strong><\/td><td class=\"has-text-align-center\" data-align=\"center\"><b>Dr. Chercheur scientifique &#8211; conf\u00e9rencier<br><\/b><strong><em>Dr. Chercheur scientifique gr. III<\/em><\/strong><\/td><\/tr><tr><td class=\"has-text-align-center\" data-align=\"center\"><strong>Diac<\/strong><\/td><td class=\"has-text-align-center\" data-align=\"center\"><strong>Cornelia<\/strong><\/td><td class=\"has-text-align-center\" data-align=\"center\"><strong>Chercheur Post-doctorant<\/strong><br><strong><em>Dr. biophysicien<\/em><\/strong><\/td><\/tr><tr><td class=\"has-text-align-center\" data-align=\"center\"><strong>Mitrea<\/strong><\/td><td class=\"has-text-align-center\" data-align=\"center\"><strong>Bogdan-Ciprian<\/strong><\/td><td class=\"has-text-align-center\" data-align=\"center\"><b>Doctorand<br><\/b><strong><em>Physicien<\/em><\/strong><\/td><\/tr><tr><td class=\"has-text-align-center\" data-align=\"center\"><strong>Iacob<\/strong><\/td><td class=\"has-text-align-center\" data-align=\"center\"><strong>Tom<\/strong><\/td><td class=\"has-text-align-center\" data-align=\"center\"><b>Doctorand<br><\/b><strong><em>Physicien<\/em><\/strong><\/td><\/tr><\/tbody><\/table><\/figure>\n\n\n\n<p><\/p>\n","protected":false},"excerpt":{"rendered":"<p>Nom Pr\u00e9nom Position dans le projet B\u0103rb\u00een\u021b\u0103-P\u0103tra\u0219cu Marcela-Elisabeta Partenaire responsable du projet &#8211; P1Dr. ma\u00eetre de conf\u00e9rences Nichita Cornelia Chercheur scientifique seniorDr. Chercheur scientifique gr. I Bi\u021b\u0103 Bogdan-Ionu\u021b Dr. Chercheur scientifique &#8211; conf\u00e9rencierDr. Chercheur scientifique gr. III Diac Cornelia Chercheur Post-doctorantDr. biophysicien Mitrea Bogdan-Ciprian DoctorandPhysicien Iacob Tom DoctorandPhysicien<\/p>\n","protected":false},"author":1,"featured_media":0,"parent":0,"menu_order":0,"comment_status":"closed","ping_status":"closed","template":"","meta":{"footnotes":""},"class_list":["post-466","page","type-page","status-publish","hentry"],"_links":{"self":[{"href":"https:\/\/water4all.ro\/watergreentreat\/index.php\/wp-json\/wp\/v2\/pages\/466","targetHints":{"allow":["GET"]}}],"collection":[{"href":"https:\/\/water4all.ro\/watergreentreat\/index.php\/wp-json\/wp\/v2\/pages"}],"about":[{"href":"https:\/\/water4all.ro\/watergreentreat\/index.php\/wp-json\/wp\/v2\/types\/page"}],"author":[{"embeddable":true,"href":"https:\/\/water4all.ro\/watergreentreat\/index.php\/wp-json\/wp\/v2\/users\/1"}],"replies":[{"embeddable":true,"href":"https:\/\/water4all.ro\/watergreentreat\/index.php\/wp-json\/wp\/v2\/comments?post=466"}],"version-history":[{"count":2,"href":"https:\/\/water4all.ro\/watergreentreat\/index.php\/wp-json\/wp\/v2\/pages\/466\/revisions"}],"predecessor-version":[{"id":469,"href":"https:\/\/water4all.ro\/watergreentreat\/index.php\/wp-json\/wp\/v2\/pages\/466\/revisions\/469"}],"wp:attachment":[{"href":"https:\/\/water4all.ro\/watergreentreat\/index.php\/wp-json\/wp\/v2\/media?parent=466"}],"curies":[{"name":"wp","href":"https:\/\/api.w.org\/{rel}","templated":true}]}}