{"id":630,"date":"2024-10-29T10:25:58","date_gmt":"2024-10-29T10:25:58","guid":{"rendered":"https:\/\/water4all.ro\/watergreentreat\/?page_id=630"},"modified":"2024-10-29T11:52:30","modified_gmt":"2024-10-29T11:52:30","slug":"630-2","status":"publish","type":"page","link":"https:\/\/water4all.ro\/watergreentreat\/index.php\/hu\/630-2\/","title":{"rendered":"Uex"},"content":{"rendered":"\n<div class=\"wp-block-group is-nowrap is-layout-flex wp-container-core-group-is-layout-ad2f72ca wp-block-group-is-layout-flex\">\n<div class=\"wp-block-group is-nowrap is-layout-flex wp-container-core-group-is-layout-ad2f72ca wp-block-group-is-layout-flex\">\n<div class=\"wp-block-group has-black-color has-text-color has-link-color wp-elements-7d90723ef13e32881e03a29f802d891c is-content-justification-center is-nowrap is-layout-flex wp-container-core-group-is-layout-94bc23d7 wp-block-group-is-layout-flex\">\n<div class=\"wp-block-group is-nowrap is-layout-flex wp-container-core-group-is-layout-ad2f72ca wp-block-group-is-layout-flex\">\n<figure class=\"wp-block-image size-full\"><img loading=\"lazy\" decoding=\"async\" width=\"300\" height=\"300\" src=\"https:\/\/water4all.ro\/watergreentreat\/wp-content\/uploads\/2024\/10\/Antonia-Pajares-Vicente.jpg\" alt=\"\" class=\"wp-image-607\" srcset=\"https:\/\/water4all.ro\/watergreentreat\/wp-content\/uploads\/2024\/10\/Antonia-Pajares-Vicente.jpg 300w, https:\/\/water4all.ro\/watergreentreat\/wp-content\/uploads\/2024\/10\/Antonia-Pajares-Vicente-150x150.jpg 150w\" sizes=\"auto, (max-width: 300px) 100vw, 300px\" \/><\/figure>\n<\/div>\n<\/div>\n\n\n\n<div class=\"wp-block-group has-black-color has-text-color has-link-color wp-elements-3e70e78c26629587a4d2d3bb513b7c4d is-content-justification-center is-nowrap is-layout-flex wp-container-core-group-is-layout-94bc23d7 wp-block-group-is-layout-flex\">\n<figure class=\"wp-block-image size-full\"><img loading=\"lazy\" decoding=\"async\" width=\"300\" height=\"300\" src=\"https:\/\/water4all.ro\/watergreentreat\/wp-content\/uploads\/2024\/10\/Oscar-Borrero-Lopez.jpg\" alt=\"\" class=\"wp-image-608\" srcset=\"https:\/\/water4all.ro\/watergreentreat\/wp-content\/uploads\/2024\/10\/Oscar-Borrero-Lopez.jpg 300w, https:\/\/water4all.ro\/watergreentreat\/wp-content\/uploads\/2024\/10\/Oscar-Borrero-Lopez-150x150.jpg 150w\" sizes=\"auto, (max-width: 300px) 100vw, 300px\" \/><\/figure>\n<\/div>\n\n\n\n<div class=\"wp-block-group has-black-color has-text-color has-link-color wp-elements-b7f727a18dcd4cef48c6b2768d02a7c8 is-content-justification-center is-nowrap is-layout-flex wp-container-core-group-is-layout-94bc23d7 wp-block-group-is-layout-flex\">\n<figure class=\"wp-block-image size-full\"><img loading=\"lazy\" decoding=\"async\" width=\"300\" height=\"300\" src=\"https:\/\/water4all.ro\/watergreentreat\/wp-content\/uploads\/2024\/10\/Pedro-Miranda-Gonzalez.jpg\" alt=\"\" class=\"wp-image-609\" srcset=\"https:\/\/water4all.ro\/watergreentreat\/wp-content\/uploads\/2024\/10\/Pedro-Miranda-Gonzalez.jpg 300w, https:\/\/water4all.ro\/watergreentreat\/wp-content\/uploads\/2024\/10\/Pedro-Miranda-Gonzalez-150x150.jpg 150w\" sizes=\"auto, (max-width: 300px) 100vw, 300px\" \/><\/figure>\n\n\n\n<div class=\"wp-block-group is-nowrap is-layout-flex wp-container-core-group-is-layout-ad2f72ca wp-block-group-is-layout-flex\">\n<figure class=\"wp-block-image size-full\"><img loading=\"lazy\" decoding=\"async\" width=\"300\" height=\"300\" src=\"https:\/\/water4all.ro\/watergreentreat\/wp-content\/uploads\/2024\/10\/Ana-Martinez-Udaondo3002.jpg\" alt=\"\" class=\"wp-image-658\" srcset=\"https:\/\/water4all.ro\/watergreentreat\/wp-content\/uploads\/2024\/10\/Ana-Martinez-Udaondo3002.jpg 300w, https:\/\/water4all.ro\/watergreentreat\/wp-content\/uploads\/2024\/10\/Ana-Martinez-Udaondo3002-150x150.jpg 150w\" sizes=\"auto, (max-width: 300px) 100vw, 300px\" \/><\/figure>\n<\/div>\n<\/div>\n<\/div>\n<\/div>\n\n\n\n<figure class=\"wp-block-table alignleft is-style-stripes\"><table class=\"has-fixed-layout\"><tbody><tr><td><strong>Antonia Pajares Vicente<\/strong><\/td><td><strong>\u00d3scar Borrero L\u00f3pez<\/strong><\/td><td><strong>Pedro Miranda Gonz\u00e1les<\/strong><\/td><td><strong>Ana Mart\u00ednez Udaondo<\/strong><\/td><\/tr><\/tbody><\/table><\/figure>\n\n\n\n<p><\/p>\n","protected":false},"excerpt":{"rendered":"<p>Antonia Pajares Vicente \u00d3scar Borrero L\u00f3pez Pedro Miranda Gonz\u00e1les Ana Mart\u00ednez Udaondo<\/p>\n","protected":false},"author":1,"featured_media":0,"parent":0,"menu_order":0,"comment_status":"closed","ping_status":"closed","template":"","meta":{"footnotes":""},"class_list":["post-630","page","type-page","status-publish","hentry"],"_links":{"self":[{"href":"https:\/\/water4all.ro\/watergreentreat\/index.php\/wp-json\/wp\/v2\/pages\/630","targetHints":{"allow":["GET"]}}],"collection":[{"href":"https:\/\/water4all.ro\/watergreentreat\/index.php\/wp-json\/wp\/v2\/pages"}],"about":[{"href":"https:\/\/water4all.ro\/watergreentreat\/index.php\/wp-json\/wp\/v2\/types\/page"}],"author":[{"embeddable":true,"href":"https:\/\/water4all.ro\/watergreentreat\/index.php\/wp-json\/wp\/v2\/users\/1"}],"replies":[{"embeddable":true,"href":"https:\/\/water4all.ro\/watergreentreat\/index.php\/wp-json\/wp\/v2\/comments?post=630"}],"version-history":[{"count":3,"href":"https:\/\/water4all.ro\/watergreentreat\/index.php\/wp-json\/wp\/v2\/pages\/630\/revisions"}],"predecessor-version":[{"id":661,"href":"https:\/\/water4all.ro\/watergreentreat\/index.php\/wp-json\/wp\/v2\/pages\/630\/revisions\/661"}],"wp:attachment":[{"href":"https:\/\/water4all.ro\/watergreentreat\/index.php\/wp-json\/wp\/v2\/media?parent=630"}],"curies":[{"name":"wp","href":"https:\/\/api.w.org\/{rel}","templated":true}]}}